{"id":411,"date":"2021-08-27T12:19:36","date_gmt":"2021-08-27T12:19:36","guid":{"rendered":"http:\/\/dummy.xtemos.com\/woodmart2\/elementor\/?post_type=product&#038;p=411"},"modified":"2025-07-18T19:27:19","modified_gmt":"2025-07-18T19:27:19","slug":"rio-digital-5-asamali-su-aritma-cihazi-pompasiz","status":"publish","type":"product","link":"https:\/\/riowater.com.tr\/index.php\/urun\/rio-digital-5-asamali-su-aritma-cihazi-pompasiz\/","title":{"rendered":"Rio Digital 5 A\u015famal\u0131 Su Ar\u0131tma Cihaz\u0131 &#8211; Pompas\u0131z"},"content":{"rendered":"","protected":false},"excerpt":{"rendered":"","protected":false},"featured_media":28232,"comment_status":"open","ping_status":"closed","template":"","meta":[],"product_brand":[110],"product_cat":[20],"product_tag":[119],"class_list":{"0":"post-411","1":"product","2":"type-product","3":"status-publish","4":"has-post-thumbnail","6":"product_brand-rio-water","7":"product_cat-su-aritma-cihazlari","8":"product_tag-rio-digital-5-asamali-su-aritma-cihazi-pompasiz","10":"first","11":"instock","12":"shipping-taxable","13":"purchasable","14":"product-type-simple"},"_links":{"self":[{"href":"https:\/\/riowater.com.tr\/index.php\/wp-json\/wp\/v2\/product\/411","targetHints":{"allow":["GET"]}}],"collection":[{"href":"https:\/\/riowater.com.tr\/index.php\/wp-json\/wp\/v2\/product"}],"about":[{"href":"https:\/\/riowater.com.tr\/index.php\/wp-json\/wp\/v2\/types\/product"}],"replies":[{"embeddable":true,"href":"https:\/\/riowater.com.tr\/index.php\/wp-json\/wp\/v2\/comments?post=411"}],"version-history":[{"count":8,"href":"https:\/\/riowater.com.tr\/index.php\/wp-json\/wp\/v2\/product\/411\/revisions"}],"predecessor-version":[{"id":28237,"href":"https:\/\/riowater.com.tr\/index.php\/wp-json\/wp\/v2\/product\/411\/revisions\/28237"}],"wp:featuredmedia":[{"embeddable":true,"href":"https:\/\/riowater.com.tr\/index.php\/wp-json\/wp\/v2\/media\/28232"}],"wp:attachment":[{"href":"https:\/\/riowater.com.tr\/index.php\/wp-json\/wp\/v2\/media?parent=411"}],"wp:term":[{"taxonomy":"product_brand","embeddable":true,"href":"https:\/\/riowater.com.tr\/index.php\/wp-json\/wp\/v2\/product_brand?post=411"},{"taxonomy":"product_cat","embeddable":true,"href":"https:\/\/riowater.com.tr\/index.php\/wp-json\/wp\/v2\/product_cat?post=411"},{"taxonomy":"product_tag","embeddable":true,"href":"https:\/\/riowater.com.tr\/index.php\/wp-json\/wp\/v2\/product_tag?post=411"}],"curies":[{"name":"wp","href":"https:\/\/api.w.org\/{rel}","templated":true}]}}