{"id":28076,"date":"2025-07-01T21:34:15","date_gmt":"2025-07-01T21:34:15","guid":{"rendered":"https:\/\/riowater.com.tr\/?post_type=product&#038;p=28076"},"modified":"2025-07-18T19:22:09","modified_gmt":"2025-07-18T19:22:09","slug":"tak-cevir-5-asama-filtre-seti","status":"publish","type":"product","link":"https:\/\/riowater.com.tr\/index.php\/urun\/tak-cevir-5-asama-filtre-seti\/","title":{"rendered":"Tak \u00c7evir 5 A\u015fama Filtre Seti"},"content":{"rendered":"<div class=\"wd-negative-gap elementor-element elementor-element-2a51e47 e-flex e-con-boxed e-con e-parent e-lazyloaded\" data-id=\"2a51e47\" data-element_type=\"container\">\n<div class=\"e-con-inner\">\n<div class=\"elementor-element elementor-element-01fc7d0 e-con-full e-flex e-con e-child\" data-id=\"01fc7d0\" data-element_type=\"container\">\n<div class=\"elementor-element elementor-element-3d26ce2 elementor-widget elementor-widget-wd_text_block\" data-id=\"3d26ce2\" data-element_type=\"widget\" data-widget_type=\"wd_text_block.default\">\n<div class=\"elementor-widget-container\">\n<div class=\"wd-text-block reset-last-child text-left\">\n<h5><strong>1.\u2060 \u2060A\u015fama Filtresi: 5 Micron Kapakl\u0131 Kaba Tortu Tak\u00e7evir Filtresi\u00a0<\/strong><\/h5>\n<p>5 mikron kapakl\u0131 tortu filtre, ters ozmos filtrasyonunun ilk a\u015famas\u0131d\u0131r. Filtrasyonun ba\u015flang\u0131c\u0131nda, suda bulunan kaba tortu, kum, mil, \u00e7amur gibi maddelerin ar\u0131t\u0131lmas\u0131n\u0131 sa\u011flayarak ters ozmos membran filtreyi korur ve optimum filtre \u00f6mr\u00fc sa\u011flar. Kullan\u0131m \u00f6mr\u00fc 6-12 ayd\u0131r. Suyun kullan\u0131m\u0131na g\u00f6re de\u011fi\u015fiklik g\u00f6sterebilir. 6 ton su kullan\u0131ld\u0131\u011f\u0131nda \u00f6mr\u00fc dolar ve yenisiyle de\u011fi\u015fmesi gerekmektedir. Filtre boyutu 10 inch boyunda olup t\u00fcm housing sistem su ar\u0131tma cihazlar\u0131 ile uyumludur. %100 Polipropilen ham madde den imal edilmi\u015ftir.<br \/>\nKULLANIM S\u00dcRES\u0130:6-12 AY<\/p><\/div>\n<\/div>\n<\/div>\n<\/div>\n<div class=\"elementor-element elementor-element-8e7cad6 e-con-full e-flex e-con e-child\" data-id=\"8e7cad6\" data-element_type=\"container\">\n<div class=\"elementor-element elementor-element-286c394 elementor-widget elementor-widget-wd_text_block\" data-id=\"286c394\" data-element_type=\"widget\" data-widget_type=\"wd_text_block.default\">\n<div class=\"elementor-widget-container\">\n<div class=\"wd-text-block reset-last-child text-left\">\n<h5><strong>2.\u2060 \u2060A\u015fama Filtresi: GAC Gran\u00fcl Aktif Karbon Tak\u00e7evir Filtresi\u00a0<\/strong><\/h5>\n<p>Gran\u00fcl Aktif Karbon filtre, ters ozmos filtrasyonun ikinci a\u015famas\u0131d\u0131r. Suyun renk, tat ve koku dengesini d\u00fczenler. Kaliteli i\u00e7me suyunda bulunmamas\u0131 gereken klor ve di\u011fer kimyasal maddeleri ar\u0131tarak membran filtreyi korur ve ters ozmos i\u015fleminin kusursuz olarak ger\u00e7ekle\u015fmesini sa\u011flar. Kullan\u0131m \u00f6mr\u00fc 6-12 Ayd\u0131r.suyun kullan\u0131m\u0131na g\u00f6re de de\u011fi\u015fiklik g\u00f6sterebilir. 6 ton su kullan\u0131ld\u0131\u011f\u0131nda \u00f6mr\u00fc dolar ve yenisiyle de\u011fi\u015fmesi gerekmektedir. Filtre boyutu 10 inch boyunda olup t\u00fcm housing sistem su ar\u0131tma cihazlar\u0131 ile uyumludur.<br \/>\nKULLANIM S\u00dcRES\u0130:6-12 AY<\/p><\/div>\n<\/div>\n<\/div>\n<\/div>\n<div class=\"elementor-element elementor-element-d9a59bb e-con-full e-flex e-con e-child\" data-id=\"d9a59bb\" data-element_type=\"container\">\n<div class=\"elementor-element elementor-element-3873070 elementor-widget elementor-widget-wd_text_block\" data-id=\"3873070\" data-element_type=\"widget\" data-widget_type=\"wd_text_block.default\">\n<div class=\"elementor-widget-container\">\n<div class=\"wd-text-block reset-last-child text-left\">\n<h5>3.\u2060 \u2060A\u015fama Filtresi: CTO Karbon Blok Tak\u00e7evir filtresi<\/h5>\n<p>CTO karbon blok filtre, ters ozmos filtrasyonun ikinci a\u015famas\u0131d\u0131r. Suyun renk, tat ve koku dengesini d\u00fczenler. Kaliteli i\u00e7me suyunda bulunmamas\u0131 gereken klor ve di\u011fer kimyasal maddeleri ar\u0131tarak membran filtreyi korur ve ters ozmos i\u015fleminin kusursuz olarak ger\u00e7ekle\u015fmesini sa\u011flar. Kullan\u0131m \u00f6mr\u00fc 6-12 Ayd\u0131r. suyun kullan\u0131m\u0131na g\u00f6re de de\u011fi\u015fiklik g\u00f6sterebilir. 6 ton su kullan\u0131ld\u0131\u011f\u0131nda \u00f6mr\u00fc dolar ve yenisiyle de\u011fi\u015fmesi gerekmektedir.Filtre boyutu 10 inch boyunda olup t\u00fcm housing sistem su ar\u0131tma cihazlar\u0131 ile uyumludur.<br \/>\n&lt;br&gt;KULLNIM S\u00dcRES\u0130:6-12 AY<\/p>\n<\/div>\n<\/div>\n<\/div>\n<\/div>\n<\/div>\n<\/div>\n<div class=\"wd-negative-gap elementor-element elementor-element-4a43de7 e-flex e-con-boxed e-con e-parent e-lazyloaded\" data-id=\"4a43de7\" data-element_type=\"container\">\n<div class=\"e-con-inner\">\n<div class=\"elementor-element elementor-element-789967c e-con-full e-flex e-con e-child\" data-id=\"789967c\" data-element_type=\"container\">\n<div class=\"elementor-element elementor-element-8d98337 elementor-widget elementor-widget-wd_text_block\" data-id=\"8d98337\" data-element_type=\"widget\" data-widget_type=\"wd_text_block.default\">\n<div class=\"elementor-widget-container\">\n<div class=\"wd-text-block reset-last-child text-left\">\n<h5>4.\u2060 \u2060A\u015fama Filtresi: Omnipure G\u00fcm\u00fc\u015f \u0130yonlu \u0130nline Post Karbon Tak\u00e7evir Filtre:<\/h5>\n<p>Mebran filtreden \u00e7\u0131kan su, safl\u0131\u011fa yak\u0131n olup, i\u00e7im olarak hamd\u0131r.Bir\u00e7o\u011fumuz bu suyun tad\u0131n\u0131 be\u011fenmeyiz. Post karbon filtre ile bu haml\u0131ktan \u00e7\u0131kar, i\u00e7imi ho\u015f bir hale gelir. Bir da\u011f kayna\u011f\u0131ndan \u00e7\u0131kan su gibi bir hale ula\u015f\u0131r. G\u00fcm\u00fc\u015f iyonlar sayesinde bakteri olu\u015fumunu engeller. Tatland\u0131r\u0131c\u0131 post karbon filtre %10 g\u00fcm\u00fc\u015f iyon i\u00e7erir g\u00fcm\u00fc\u015f iyonlu post karbon bakteri \u00fcremesini engelleyerek temiz su elde etmenizi sa\u011flar g\u00fcm\u00fc\u015f iyonlu post karbon filtresinin ana ham maddesi Hindistan cevizi ve zeytin \u00e7ekirde\u011finden \u00fcretilmektedir. G\u00fcm\u00fc\u015f iyonlu tatland\u0131r\u0131c\u0131 post karbon filtrenin kullan\u0131m \u00f6mr\u00fc genelde 12-24 ay s\u00fcresi vard\u0131r. 5 ton su ge\u00e7irdi\u011finde post karbonun s\u00fcresi dolar ve yenisi ile de\u011fi\u015fim yap\u0131lmal\u0131d\u0131r.De\u011fi\u015fim s\u00fcresini ge\u00e7irmemeniz gereklidir. \u00e7\u00fcnk\u00fc su en son bu a\u015famadan ge\u00e7ti\u011fi i\u00e7in suyun tad\u0131n\u0131 olduk\u00e7a etkilemektedir.<br \/>\nKULLANIM S\u00dcRES\u0130:1-1,5YIL<\/p>\n<h5>5.\u2060 \u2060A\u015fama Filtresi: Ters Ozmos Membran Filtresi<\/h5>\n<p>Membran filtre, ters ozmos filtrasyonunun d\u00f6rd\u00fcnc\u00fc ve en \u00f6nemli a\u015famas\u0131d\u0131r. Membran filtre, ters ozmos i\u015flemini ger\u00e7ekle\u015ftirerek suyun yar\u0131 ge\u00e7irgen zar olan membran dan y\u00fcksek bas\u0131n\u00e7 yard\u0131m\u0131 ile ge\u00e7irilerek suyun nano tortu, partik\u00fcl,a\u011f\u0131r metal, kimyasal, vir\u00fcs, bakteri, mikro organizma ve kire\u00e7 gibi maddelerden ar\u0131t\u0131lmas\u0131n\u0131 sa\u011flar. \u0130deal nitelikte i\u00e7me suyu \u00fcretir. Kullan\u0131m \u00f6mr\u00fc 1-4 Y\u0131ld\u0131r. suyun kullan\u0131m\u0131na g\u00f6re de de\u011fi\u015fiklik g\u00f6sterebilir. 15 ton su kullan\u0131ld\u0131\u011f\u0131nda \u00f6mr\u00fc dolar ve yenisiyle de\u011fi\u015fmesi gerekmektedir. Filtre boyutu 1812 boyunda olup t\u00fcm housing sistem su ar\u0131tma cihazlar\u0131 ile uyumludur. KULLANIM S\u00dcRES\u0130:2-3 YIL<\/p><\/div>\n<\/div>\n<\/div>\n<\/div>\n<div class=\"elementor-element elementor-element-857052e e-con-full e-flex e-con e-child\" data-id=\"857052e\" data-element_type=\"container\">\n<div class=\"elementor-element elementor-element-0408321 elementor-widget elementor-widget-wd_text_block\" data-id=\"0408321\" data-element_type=\"widget\" data-widget_type=\"wd_text_block.default\">\n<div class=\"elementor-widget-container\">\n<div class=\"wd-text-block reset-last-child text-left\"><\/div>\n<\/div>\n<\/div>\n<\/div>\n<\/div>\n<\/div>\n","protected":false},"excerpt":{"rendered":"<p>1.\u2060 \u2060A\u015fama Filtresi: 5 Micron Kapakl\u0131 Kaba Tortu Tak\u00e7evir Filtresi\u00a0 5 mikron kapakl\u0131 tortu filtre, ters ozmos filtrasyonunun ilk a\u015famas\u0131d\u0131r.<\/p>\n","protected":false},"featured_media":28077,"comment_status":"open","ping_status":"closed","template":"","meta":[],"product_brand":[110],"product_cat":[30],"product_tag":[114],"class_list":{"0":"post-28076","1":"product","2":"type-product","3":"status-publish","4":"has-post-thumbnail","6":"product_brand-rio-water","7":"product_cat-takcevir-filtreler","8":"product_tag-tak-cevir-5-asama-filtre-seti","10":"first","11":"instock","12":"shipping-taxable","13":"purchasable","14":"product-type-simple"},"_links":{"self":[{"href":"https:\/\/riowater.com.tr\/index.php\/wp-json\/wp\/v2\/product\/28076","targetHints":{"allow":["GET"]}}],"collection":[{"href":"https:\/\/riowater.com.tr\/index.php\/wp-json\/wp\/v2\/product"}],"about":[{"href":"https:\/\/riowater.com.tr\/index.php\/wp-json\/wp\/v2\/types\/product"}],"replies":[{"embeddable":true,"href":"https:\/\/riowater.com.tr\/index.php\/wp-json\/wp\/v2\/comments?post=28076"}],"version-history":[{"count":1,"href":"https:\/\/riowater.com.tr\/index.php\/wp-json\/wp\/v2\/product\/28076\/revisions"}],"predecessor-version":[{"id":28078,"href":"https:\/\/riowater.com.tr\/index.php\/wp-json\/wp\/v2\/product\/28076\/revisions\/28078"}],"wp:featuredmedia":[{"embeddable":true,"href":"https:\/\/riowater.com.tr\/index.php\/wp-json\/wp\/v2\/media\/28077"}],"wp:attachment":[{"href":"https:\/\/riowater.com.tr\/index.php\/wp-json\/wp\/v2\/media?parent=28076"}],"wp:term":[{"taxonomy":"product_brand","embeddable":true,"href":"https:\/\/riowater.com.tr\/index.php\/wp-json\/wp\/v2\/product_brand?post=28076"},{"taxonomy":"product_cat","embeddable":true,"href":"https:\/\/riowater.com.tr\/index.php\/wp-json\/wp\/v2\/product_cat?post=28076"},{"taxonomy":"product_tag","embeddable":true,"href":"https:\/\/riowater.com.tr\/index.php\/wp-json\/wp\/v2\/product_tag?post=28076"}],"curies":[{"name":"wp","href":"https:\/\/api.w.org\/{rel}","templated":true}]}}