{"id":28073,"date":"2025-07-01T21:31:45","date_gmt":"2025-07-01T21:31:45","guid":{"rendered":"https:\/\/riowater.com.tr\/?post_type=product&#038;p=28073"},"modified":"2025-07-18T19:19:20","modified_gmt":"2025-07-18T19:19:20","slug":"tak-cevir-4-asama-filtre-seti","status":"publish","type":"product","link":"https:\/\/riowater.com.tr\/index.php\/urun\/tak-cevir-4-asama-filtre-seti\/","title":{"rendered":"Tak \u00c7evir 4 A\u015fama Filtre Seti"},"content":{"rendered":"<p><strong>1.\u2060 \u2060A\u015fama Filtresi: 5 Micron Tak\u00e7evir Kaba Tortu Filtresi<\/strong><br \/>\n5 mikron kapakl\u0131 tortu filtre, ters ozmos filtrasyonunun ilk a\u015famas\u0131d\u0131r. Filtrasyonun ba\u015flang\u0131c\u0131nda, suda bulunan kaba tortu, kum, mil, \u00e7amur gibi maddelerin ar\u0131t\u0131lmas\u0131n\u0131 sa\u011flayarak ters ozmos membran filtreyi korur ve optimum filtre \u00f6mr\u00fc sa\u011flar. Kullan\u0131m \u00f6mr\u00fc 6-12 ayd\u0131r. Suyun kullan\u0131m\u0131na g\u00f6re de\u011fi\u015fiklik g\u00f6sterebilir. 6 ton su kullan\u0131ld\u0131\u011f\u0131nda \u00f6mr\u00fc dolar ve yenisiyle de\u011fi\u015fmesi gerekmektedir. Filtre boyutu 10 inch boyunda olup t\u00fcm housing sistem su ar\u0131tma cihazlar\u0131 ile uyumludur. %100 Polipropilen ham madde den imal edilmi\u015ftir.<br \/>\nKULLANIM S\u00dcRES\u0130:6-12 AY<\/p>\n<p><strong>2.\u2060 \u2060A\u015fama Filtresi: GAC Gran\u00fcl Aktif Karbon Tak\u00e7evir Filtresi<\/strong><br \/>\nGran\u00fcl Aktif Karbon filtre, ters ozmos filtrasyonun ikinci a\u015famas\u0131d\u0131r. Suyun renk, tat ve koku dengesini d\u00fczenler. Kaliteli i\u00e7me suyunda bulunmamas\u0131 gereken klor ve di\u011fer kimyasal maddeleri ar\u0131tarak membran filtreyi korur ve ters ozmos i\u015fleminin kusursuz olarak ger\u00e7ekle\u015fmesini sa\u011flar. Kullan\u0131m \u00f6mr\u00fc 6-12 Ayd\u0131r.suyun kullan\u0131m\u0131na g\u00f6re de de\u011fi\u015fiklik g\u00f6sterebilir. 6 ton su kullan\u0131ld\u0131\u011f\u0131nda \u00f6mr\u00fc dolar ve yenisiyle de\u011fi\u015fmesi gerekmektedir. Filtre boyutu 10 inch boyunda olup t\u00fcm housing sistem su ar\u0131tma cihazlar\u0131 ile uyumludur.<br \/>\nKULLANIM S\u00dcRES\u0130:6-12 AY<\/p>\n<p><strong>3.\u2060 \u2060A\u015fama Filtresi: CTO Karbon Blok Tak\u00e7evir filtresi<\/strong><br \/>\nCTO karbon blok filtre, ters ozmos filtrasyonun ikinci a\u015famas\u0131d\u0131r. Suyun renk, tat ve koku dengesini d\u00fczenler. Kaliteli i\u00e7me suyunda bulunmamas\u0131 gereken klor ve di\u011fer kimyasal maddeleri ar\u0131tarak membran filtreyi korur ve ters ozmos i\u015fleminin kusursuz olarak ger\u00e7ekle\u015fmesini sa\u011flar. Kullan\u0131m \u00f6mr\u00fc 6-12 Ayd\u0131r. suyun kullan\u0131m\u0131na g\u00f6re de de\u011fi\u015fiklik g\u00f6sterebilir. 6 ton su kullan\u0131ld\u0131\u011f\u0131nda \u00f6mr\u00fc dolar ve yenisiyle de\u011fi\u015fmesi gerekmektedir.Filtre boyutu 10 inch boyunda olup t\u00fcm housing sistem su ar\u0131tma cihazlar\u0131 ile uyumludur.<br \/>\nKULLNIM S\u00dcRES\u0130:6-12 AY<\/p>\n<h5>4.\u2060 \u2060A\u015fama Filtresi: Omnipure G\u00fcm\u00fc\u015f \u0130yonlu \u0130nline Post Karbon Tak\u00e7evir Filtre:<\/h5>\n<p>Mebran filtreden \u00e7\u0131kan su, safl\u0131\u011fa yak\u0131n olup, i\u00e7im olarak hamd\u0131r.Bir\u00e7o\u011fumuz bu suyun tad\u0131n\u0131 be\u011fenmeyiz. Post karbon filtre ile bu haml\u0131ktan \u00e7\u0131kar, i\u00e7imi ho\u015f bir hale gelir. Bir da\u011f kayna\u011f\u0131ndan \u00e7\u0131kan su gibi bir hale ula\u015f\u0131r. G\u00fcm\u00fc\u015f iyonlar sayesinde bakteri olu\u015fumunu engeller. Tatland\u0131r\u0131c\u0131 post karbon filtre %10 g\u00fcm\u00fc\u015f iyon i\u00e7erir g\u00fcm\u00fc\u015f iyonlu post karbon bakteri \u00fcremesini engelleyerek temiz su elde etmenizi sa\u011flar g\u00fcm\u00fc\u015f iyonlu post karbon filtresinin ana ham maddesi Hindistan cevizi ve zeytin \u00e7ekirde\u011finden \u00fcretilmektedir. G\u00fcm\u00fc\u015f iyonlu tatland\u0131r\u0131c\u0131 post karbon filtrenin kullan\u0131m \u00f6mr\u00fc genelde 12-24 ay s\u00fcresi vard\u0131r. 5 ton su ge\u00e7irdi\u011finde post karbonun s\u00fcresi dolar ve yenisi ile de\u011fi\u015fim yap\u0131lmal\u0131d\u0131r.De\u011fi\u015fim s\u00fcresini ge\u00e7irmemeniz gereklidir. \u00e7\u00fcnk\u00fc su en son bu a\u015famadan ge\u00e7ti\u011fi i\u00e7in suyun tad\u0131n\u0131 olduk\u00e7a etkilemektedir.<br \/>\nKULLANIM S\u00dcRES\u0130:1-1,5YIL<\/p>\n","protected":false},"excerpt":{"rendered":"<p>1.\u2060 \u2060A\u015fama Filtresi: 5 Micron Tak\u00e7evir Kaba Tortu Filtresi 5 mikron kapakl\u0131 tortu filtre, ters ozmos filtrasyonunun ilk a\u015famas\u0131d\u0131r. Filtrasyonun<\/p>\n","protected":false},"featured_media":28074,"comment_status":"open","ping_status":"closed","template":"","meta":[],"product_brand":[110],"product_cat":[30],"product_tag":[113],"class_list":{"0":"post-28073","1":"product","2":"type-product","3":"status-publish","4":"has-post-thumbnail","6":"product_brand-rio-water","7":"product_cat-takcevir-filtreler","8":"product_tag-tak-cevir-4-asama-filtre-seti","10":"first","11":"instock","12":"shipping-taxable","13":"purchasable","14":"product-type-simple"},"_links":{"self":[{"href":"https:\/\/riowater.com.tr\/index.php\/wp-json\/wp\/v2\/product\/28073","targetHints":{"allow":["GET"]}}],"collection":[{"href":"https:\/\/riowater.com.tr\/index.php\/wp-json\/wp\/v2\/product"}],"about":[{"href":"https:\/\/riowater.com.tr\/index.php\/wp-json\/wp\/v2\/types\/product"}],"replies":[{"embeddable":true,"href":"https:\/\/riowater.com.tr\/index.php\/wp-json\/wp\/v2\/comments?post=28073"}],"version-history":[{"count":1,"href":"https:\/\/riowater.com.tr\/index.php\/wp-json\/wp\/v2\/product\/28073\/revisions"}],"predecessor-version":[{"id":28075,"href":"https:\/\/riowater.com.tr\/index.php\/wp-json\/wp\/v2\/product\/28073\/revisions\/28075"}],"wp:featuredmedia":[{"embeddable":true,"href":"https:\/\/riowater.com.tr\/index.php\/wp-json\/wp\/v2\/media\/28074"}],"wp:attachment":[{"href":"https:\/\/riowater.com.tr\/index.php\/wp-json\/wp\/v2\/media?parent=28073"}],"wp:term":[{"taxonomy":"product_brand","embeddable":true,"href":"https:\/\/riowater.com.tr\/index.php\/wp-json\/wp\/v2\/product_brand?post=28073"},{"taxonomy":"product_cat","embeddable":true,"href":"https:\/\/riowater.com.tr\/index.php\/wp-json\/wp\/v2\/product_cat?post=28073"},{"taxonomy":"product_tag","embeddable":true,"href":"https:\/\/riowater.com.tr\/index.php\/wp-json\/wp\/v2\/product_tag?post=28073"}],"curies":[{"name":"wp","href":"https:\/\/api.w.org\/{rel}","templated":true}]}}