{"id":28070,"date":"2025-07-01T21:27:56","date_gmt":"2025-07-01T21:27:56","guid":{"rendered":"https:\/\/riowater.com.tr\/?post_type=product&#038;p=28070"},"modified":"2025-07-18T19:20:06","modified_gmt":"2025-07-18T19:20:06","slug":"tak-cevir-3-asama-filtre-seti","status":"publish","type":"product","link":"https:\/\/riowater.com.tr\/index.php\/urun\/tak-cevir-3-asama-filtre-seti\/","title":{"rendered":"Tak \u00c7evir 3 A\u015fama Filtre Seti"},"content":{"rendered":"<h5><strong>1.\u2060 \u2060A\u015fama Filtresi: 5 Micron Tak\u00e7evir Tortu Filtresi\u00a0<\/strong><\/h5>\n<p>5 mikron kapakl\u0131 tortu filtre, ters ozmos filtrasyonunun ilk a\u015famas\u0131d\u0131r. Filtrasyonun ba\u015flang\u0131c\u0131nda, suda bulunan kaba tortu, kum, mil, \u00e7amur gibi maddelerin ar\u0131t\u0131lmas\u0131n\u0131 sa\u011flayarak ters ozmos membran filtreyi korur ve optimum filtre \u00f6mr\u00fc sa\u011flar. Kullan\u0131m \u00f6mr\u00fc 6-12 ayd\u0131r. Suyun kullan\u0131m\u0131na g\u00f6re de\u011fi\u015fiklik g\u00f6sterebilir. 6 ton su kullan\u0131ld\u0131\u011f\u0131nda \u00f6mr\u00fc dolar ve yenisiyle de\u011fi\u015fmesi gerekmektedir. Filtre boyutu 10 inch boyunda olup t\u00fcm housing sistem su ar\u0131tma cihazlar\u0131 ile uyumludur. %100 Polipropilen ham madde den imal edilmi\u015ftir.<br \/>\nKULLANIM S\u00dcRES\u0130:6-12 AY<\/p>\n<h5><strong>2.\u2060 \u2060A\u015fama Filtresi: GAC Gran\u00fcl Aktif Karbon Tak\u00e7evir Filtresi\u00a0<\/strong><\/h5>\n<p>Gran\u00fcl Aktif Karbon filtre, ters ozmos filtrasyonun ikinci a\u015famas\u0131d\u0131r. Suyun renk, tat ve koku dengesini d\u00fczenler. Kaliteli i\u00e7me suyunda bulunmamas\u0131 gereken klor ve di\u011fer kimyasal maddeleri ar\u0131tarak membran filtreyi korur ve ters ozmos i\u015fleminin kusursuz olarak ger\u00e7ekle\u015fmesini sa\u011flar. Kullan\u0131m \u00f6mr\u00fc 6-12 Ayd\u0131r.suyun kullan\u0131m\u0131na g\u00f6re de de\u011fi\u015fiklik g\u00f6sterebilir. 6 ton su kullan\u0131ld\u0131\u011f\u0131nda \u00f6mr\u00fc dolar ve yenisiyle de\u011fi\u015fmesi gerekmektedir. Filtre boyutu 10 inch boyunda olup t\u00fcm housing sistem su ar\u0131tma cihazlar\u0131 ile uyumludur.<br \/>\nKULLANIM S\u00dcRES\u0130:6-12 AY<\/p>\n<h5>3.\u2060 \u2060A\u015fama Filtresi: CTO Karbon Blok Tak\u00e7evir filtresi<\/h5>\n<p>CTO karbon blok filtre, ters ozmos filtrasyonun ikinci a\u015famas\u0131d\u0131r. Suyun renk, tat ve koku dengesini d\u00fczenler. Kaliteli i\u00e7me suyunda bulunmamas\u0131 gereken klor ve di\u011fer kimyasal maddeleri ar\u0131tarak membran filtreyi korur ve ters ozmos i\u015fleminin kusursuz olarak ger\u00e7ekle\u015fmesini sa\u011flar. Kullan\u0131m \u00f6mr\u00fc 6-12 Ayd\u0131r. suyun kullan\u0131m\u0131na g\u00f6re de de\u011fi\u015fiklik g\u00f6sterebilir. 6 ton su kullan\u0131ld\u0131\u011f\u0131nda \u00f6mr\u00fc dolar ve yenisiyle de\u011fi\u015fmesi gerekmektedir.Filtre boyutu 10 inch boyunda olup t\u00fcm housing sistem su ar\u0131tma cihazlar\u0131 ile uyumludur.<br \/>\nKULLNIM S\u00dcRES\u0130:6-12 AY<\/p>\n","protected":false},"excerpt":{"rendered":"<p>&#8211; 5 Mikron Tortu Filtre<br \/>\n&#8211; CTO Karbon<br \/>\n&#8211; Gac Karbon<\/p>\n","protected":false},"featured_media":28071,"comment_status":"open","ping_status":"closed","template":"","meta":[],"product_brand":[110],"product_cat":[30],"product_tag":[112],"class_list":{"0":"post-28070","1":"product","2":"type-product","3":"status-publish","4":"has-post-thumbnail","6":"product_brand-rio-water","7":"product_cat-takcevir-filtreler","8":"product_tag-tak-cevir-3-asama-filtre-seti","10":"first","11":"instock","12":"shipping-taxable","13":"purchasable","14":"product-type-simple"},"_links":{"self":[{"href":"https:\/\/riowater.com.tr\/index.php\/wp-json\/wp\/v2\/product\/28070","targetHints":{"allow":["GET"]}}],"collection":[{"href":"https:\/\/riowater.com.tr\/index.php\/wp-json\/wp\/v2\/product"}],"about":[{"href":"https:\/\/riowater.com.tr\/index.php\/wp-json\/wp\/v2\/types\/product"}],"replies":[{"embeddable":true,"href":"https:\/\/riowater.com.tr\/index.php\/wp-json\/wp\/v2\/comments?post=28070"}],"version-history":[{"count":1,"href":"https:\/\/riowater.com.tr\/index.php\/wp-json\/wp\/v2\/product\/28070\/revisions"}],"predecessor-version":[{"id":28072,"href":"https:\/\/riowater.com.tr\/index.php\/wp-json\/wp\/v2\/product\/28070\/revisions\/28072"}],"wp:featuredmedia":[{"embeddable":true,"href":"https:\/\/riowater.com.tr\/index.php\/wp-json\/wp\/v2\/media\/28071"}],"wp:attachment":[{"href":"https:\/\/riowater.com.tr\/index.php\/wp-json\/wp\/v2\/media?parent=28070"}],"wp:term":[{"taxonomy":"product_brand","embeddable":true,"href":"https:\/\/riowater.com.tr\/index.php\/wp-json\/wp\/v2\/product_brand?post=28070"},{"taxonomy":"product_cat","embeddable":true,"href":"https:\/\/riowater.com.tr\/index.php\/wp-json\/wp\/v2\/product_cat?post=28070"},{"taxonomy":"product_tag","embeddable":true,"href":"https:\/\/riowater.com.tr\/index.php\/wp-json\/wp\/v2\/product_tag?post=28070"}],"curies":[{"name":"wp","href":"https:\/\/api.w.org\/{rel}","templated":true}]}}