{"id":28056,"date":"2025-07-01T15:26:56","date_gmt":"2025-07-01T15:26:56","guid":{"rendered":"https:\/\/riowater.com.tr\/?post_type=product&#038;p=28056"},"modified":"2025-07-18T19:22:54","modified_gmt":"2025-07-18T19:22:54","slug":"opsiyonel-3-lu-filtre-seti","status":"publish","type":"product","link":"https:\/\/riowater.com.tr\/index.php\/urun\/opsiyonel-3-lu-filtre-seti\/","title":{"rendered":"Opsiyonel 3 l\u00fc Filtre Seti"},"content":{"rendered":"<h5><strong>Mineral Filtresi:<\/strong><\/h5>\n<p>Mineralli Su Teknolojisi \u2013 Zengin Mineral Seviyesi ! Mineral filtre, ters ozmos y\u00f6ntemi kullan\u0131lan sistemlere ilave olarak eklenebilen bir teknolojidir. Suya mineral ilave ederek y\u00fcksek oranda mineral i\u00e7ermesini sa\u011flar. H\u00fccrelere zarar veren serbest radikalleri engelleyerek Antioksidan etki yarat\u0131r. Metabolizmay\u0131 h\u0131zland\u0131rarak enerji sa\u011flar ve din\u00e7le\u015ftirir. V\u00fccuttan mineral \u00e7al\u0131nmas\u0131n\u0131 engelleyerek h\u00fccre ve organlar\u0131n korunmas\u0131na yard\u0131mc\u0131 olur.<\/p>\n<h5>Alkalin Filtresi<\/h5>\n<p>Alkalin Su Teknolojisi \u2013 8.5 pH Seviyesi ! Pentair (Pentek) Alkalin filtre, ters ozmos y\u00f6ntemi kullan\u0131lan sistemlere ilave olarak eklenebilen bir teknolojidir. V\u00fccuda ihtiya\u00e7 duydu\u011fu mineralleri sa\u011flar. Y\u00fcksek pH seviyesi ile asidik etkilere kar\u015f\u0131 diren\u00e7 kazand\u0131r\u0131r. \u00dcretti\u011fi Alkalin su sayesinde metabolizman\u0131n dengeli \u00e7al\u0131\u015fmas\u0131na yard\u0131mc\u0131 olur. H\u00fccrelerin g\u00fc\u00e7lendirilmesini sa\u011flayarak besinlerin enerjiye \u00e7evrilmesini kolayla\u015ft\u0131r\u0131r.<\/p>\n<h5>Detox Filtre :<\/h5>\n<p>Detox Teknolojisi \u2013 Toksinleri Yok Eder ! Detox filtre, ters ozmos y\u00f6ntemi kullan\u0131lan sistemlere ilave olarak eklenebilen bir teknolojidir. V\u00fccuttan toksin at\u0131lmas\u0131n\u0131 kolayla\u015ft\u0131r\u0131r ve ayn\u0131 zamanda toksin birikimini engeller. Metabolizmay\u0131 h\u0131zland\u0131rarak kilo vermeye yard\u0131mc\u0131 olur. V\u00fccutta enerjinin dengeli kullan\u0131lmas\u0131n\u0131 sa\u011flayarak din\u00e7 kalmay\u0131 sa\u011flar. Toksinlerin at\u0131lmas\u0131na yard\u0131mc\u0131 olarak, yorgunluk ve halsizlik gibi problemlerin \u00f6n\u00fcne ge\u00e7ilmesini sa\u011flar. Ph (alkalin) filtresi sayesinde ise;suyun ph&#8217;\u0131 belli bir de\u011ferin alt\u0131na inince asidik \u00e7ok y\u00fcksek olursa da bazik olur.suyunuzun d\u00fc\u015f\u00fck olan ph de\u011ferini insanlar i\u00e7in ideal olan (7-8.5) aral\u0131\u011f\u0131na sabitleyerek suyun i\u00e7eri\u011findeki asit-baz dengesini dengeler.suyun fazla asidik olmas\u0131 a\u015f\u0131nd\u0131r\u0131c\u0131 ve tehlikelidir ayn\u0131 \u015fekilde bazik olmas\u0131da bir \u00e7ok tehlikeyi beraberinde getirir.e\u011fer su \u00e7ok asidik yada bazik ise v\u00fccudunuz onu dengelemek i\u00e7in \u00e7aba sarfeder bu filtre v\u00fccudunuzun g\u00f6revini \u00fcstlenerek sizin daha az yorulman\u0131z\u0131 ve daha din\u00e7 olman\u0131z\u0131 sa\u011flar. Ph de\u011ferine dikkat etmek bir zorunluluk mu? V\u00fccudu alkalen hale getirdi\u011fimiz zaman daha do\u011fru \u00e7al\u0131\u015f\u0131r ve besinleri daha iyi kullanabilir. Stres, a\u015f\u0131r\u0131 egzersiz enfeksiyon ve hastal\u0131klar v\u00fccutta asidik bir ortama yol a\u00e7arlar. V\u00fccutta t\u00fcm metabolik i\u015flemler dengeli bir ph\u2019a ba\u011fl\u0131d\u0131r. Ph&#8217;\u0131 d\u00fc\u015f\u00fck sular v\u00fccuttan kalsiyum ve sodyum at\u0131m\u0131na neden olur. V\u00fccut kan\u0131n ph\u2019\u0131n\u0131 s\u00fcrekli 7.35-7.45 aral\u0131\u011f\u0131nda tutmaya \u00e7al\u0131\u015f\u0131r. Aynen v\u00fccut s\u0131cakl\u0131\u011f\u0131n\u0131 36,5 \u2013 37 derecede tutmaya \u00e7al\u0131\u015fmas\u0131 gibi. Sa\u011fl\u0131kl\u0131 bir v\u00fccut asidik olmamal\u0131d\u0131r. Do\u011fru ph seviyesinde kalmal\u0131d\u0131r. V\u00fccuttaki her i\u015flem, kan ph\u2019\u0131n\u0131n belli bir seviyede kalmas\u0131yla do\u011fru i\u015fler. Do\u011fru ph seviyesi sa\u011flanamad\u0131\u011f\u0131nda h\u00fccrelerin gerekli besinleri almas\u0131, bunlar\u0131n enerjiye \u00e7evirmesini zorla\u015f\u0131r.<\/p>\n","protected":false},"excerpt":{"rendered":"<p>Mineral Filtresi: Mineralli Su Teknolojisi \u2013 Zengin Mineral Seviyesi ! Mineral filtre, ters ozmos y\u00f6ntemi kullan\u0131lan sistemlere ilave olarak eklenebilen<\/p>\n","protected":false},"featured_media":28060,"comment_status":"open","ping_status":"closed","template":"","meta":[],"product_brand":[110],"product_cat":[28],"product_tag":[109],"class_list":{"0":"post-28056","1":"product","2":"type-product","3":"status-publish","4":"has-post-thumbnail","6":"product_brand-rio-water","7":"product_cat-opsiyonel-filtreler","8":"product_tag-opsiyonel-3-lu-filtre-seti","10":"first","11":"instock","12":"shipping-taxable","13":"purchasable","14":"product-type-simple"},"_links":{"self":[{"href":"https:\/\/riowater.com.tr\/index.php\/wp-json\/wp\/v2\/product\/28056","targetHints":{"allow":["GET"]}}],"collection":[{"href":"https:\/\/riowater.com.tr\/index.php\/wp-json\/wp\/v2\/product"}],"about":[{"href":"https:\/\/riowater.com.tr\/index.php\/wp-json\/wp\/v2\/types\/product"}],"replies":[{"embeddable":true,"href":"https:\/\/riowater.com.tr\/index.php\/wp-json\/wp\/v2\/comments?post=28056"}],"version-history":[{"count":1,"href":"https:\/\/riowater.com.tr\/index.php\/wp-json\/wp\/v2\/product\/28056\/revisions"}],"predecessor-version":[{"id":28061,"href":"https:\/\/riowater.com.tr\/index.php\/wp-json\/wp\/v2\/product\/28056\/revisions\/28061"}],"wp:featuredmedia":[{"embeddable":true,"href":"https:\/\/riowater.com.tr\/index.php\/wp-json\/wp\/v2\/media\/28060"}],"wp:attachment":[{"href":"https:\/\/riowater.com.tr\/index.php\/wp-json\/wp\/v2\/media?parent=28056"}],"wp:term":[{"taxonomy":"product_brand","embeddable":true,"href":"https:\/\/riowater.com.tr\/index.php\/wp-json\/wp\/v2\/product_brand?post=28056"},{"taxonomy":"product_cat","embeddable":true,"href":"https:\/\/riowater.com.tr\/index.php\/wp-json\/wp\/v2\/product_cat?post=28056"},{"taxonomy":"product_tag","embeddable":true,"href":"https:\/\/riowater.com.tr\/index.php\/wp-json\/wp\/v2\/product_tag?post=28056"}],"curies":[{"name":"wp","href":"https:\/\/api.w.org\/{rel}","templated":true}]}}