{"id":28037,"date":"2025-06-30T21:12:06","date_gmt":"2025-06-30T21:12:06","guid":{"rendered":"https:\/\/riowater.com.tr\/?post_type=product&#038;p=28037"},"modified":"2025-07-18T19:23:13","modified_gmt":"2025-07-18T19:23:13","slug":"4-asamali-filtre-seti","status":"publish","type":"product","link":"https:\/\/riowater.com.tr\/index.php\/urun\/4-asamali-filtre-seti\/","title":{"rendered":"4 A\u015famal\u0131 Filtre Seti"},"content":{"rendered":"\t\t<div data-elementor-type=\"wp-post\" data-elementor-id=\"28037\" class=\"elementor elementor-28037\">\n\t\t\t\t<div class=\"wd-negative-gap elementor-element elementor-element-2a51e47 e-flex e-con-boxed e-con e-parent\" data-id=\"2a51e47\" data-element_type=\"container\" data-e-type=\"container\">\n\t\t\t\t\t<div class=\"e-con-inner\">\n\t\t<div class=\"elementor-element elementor-element-01fc7d0 e-con-full e-flex e-con e-child\" data-id=\"01fc7d0\" data-element_type=\"container\" data-e-type=\"container\">\n\t\t\t\t<div class=\"elementor-element elementor-element-3d26ce2 elementor-widget elementor-widget-wd_text_block\" data-id=\"3d26ce2\" data-element_type=\"widget\" data-e-type=\"widget\" data-widget_type=\"wd_text_block.default\">\n\t\t\t\t<div class=\"elementor-widget-container\">\n\t\t\t\t\t\t\t<div class=\"wd-text-block reset-last-child text-left\">\n\t\t\t\n\t\t\t<h5><strong>1.\u2060 \u2060A\u015fama Filtresi: <br>5 Micron Kapakl\u0131 Kaba Tortu Filtresi\u00a0<\/strong><\/h5>\n5 mikron kapakl\u0131 tortu filtre, ters ozmos filtrasyonunun ilk a\u015famas\u0131d\u0131r. Filtrasyonun ba\u015flang\u0131c\u0131nda, suda bulunan kaba tortu, kum, mil, \u00e7amur gibi maddelerin ar\u0131t\u0131lmas\u0131n\u0131 sa\u011flayarak ters ozmos membran filtreyi korur ve optimum filtre \u00f6mr\u00fc sa\u011flar. Kullan\u0131m \u00f6mr\u00fc 6-12 ayd\u0131r. Suyun kullan\u0131m\u0131na g\u00f6re de\u011fi\u015fiklik g\u00f6sterebilir. 6 ton su kullan\u0131ld\u0131\u011f\u0131nda \u00f6mr\u00fc dolar ve yenisiyle de\u011fi\u015fmesi gerekmektedir. Filtre boyutu 10 inch boyunda olup t\u00fcm housing sistem su ar\u0131tma cihazlar\u0131 ile uyumludur. %100 Polipropilen ham madde den imal edilmi\u015ftir.\nKULLANIM S\u00dcRES\u0130:6-12 AY\n\t\t\t\t\t<\/div>\n\t\t\t\t\t\t<\/div>\n\t\t\t\t<\/div>\n\t\t\t\t<\/div>\n\t\t<div class=\"elementor-element elementor-element-8e7cad6 e-con-full e-flex e-con e-child\" data-id=\"8e7cad6\" data-element_type=\"container\" data-e-type=\"container\">\n\t\t\t\t<div class=\"elementor-element elementor-element-286c394 elementor-widget elementor-widget-wd_text_block\" data-id=\"286c394\" data-element_type=\"widget\" data-e-type=\"widget\" data-widget_type=\"wd_text_block.default\">\n\t\t\t\t<div class=\"elementor-widget-container\">\n\t\t\t\t\t\t\t<div class=\"wd-text-block reset-last-child text-left\">\n\t\t\t\n\t\t\t<h5><strong>2.\u2060 \u2060A\u015fama Filtresi: <br>GAC Gran\u00fcl Aktif Karbon Filtresi\u00a0<\/strong><\/h5>\nGran\u00fcl Aktif Karbon filtre, ters ozmos filtrasyonun ikinci a\u015famas\u0131d\u0131r. Suyun renk, tat ve koku dengesini d\u00fczenler. Kaliteli i\u00e7me suyunda bulunmamas\u0131 gereken klor ve di\u011fer kimyasal maddeleri ar\u0131tarak membran filtreyi korur ve ters ozmos i\u015fleminin kusursuz olarak ger\u00e7ekle\u015fmesini sa\u011flar. Kullan\u0131m \u00f6mr\u00fc 6-12 Ayd\u0131r.suyun kullan\u0131m\u0131na g\u00f6re de de\u011fi\u015fiklik g\u00f6sterebilir. 6 ton su kullan\u0131ld\u0131\u011f\u0131nda \u00f6mr\u00fc dolar ve yenisiyle de\u011fi\u015fmesi gerekmektedir. Filtre boyutu 10 inch boyunda olup t\u00fcm housing sistem su ar\u0131tma cihazlar\u0131 ile uyumludur.\nKULLANIM S\u00dcRES\u0130:6-12 AY\n\t\t\t\t\t<\/div>\n\t\t\t\t\t\t<\/div>\n\t\t\t\t<\/div>\n\t\t\t\t<\/div>\n\t\t<div class=\"elementor-element elementor-element-d9a59bb e-con-full e-flex e-con e-child\" data-id=\"d9a59bb\" data-element_type=\"container\" data-e-type=\"container\">\n\t\t\t\t<div class=\"elementor-element elementor-element-3873070 elementor-widget elementor-widget-wd_text_block\" data-id=\"3873070\" data-element_type=\"widget\" data-e-type=\"widget\" data-widget_type=\"wd_text_block.default\">\n\t\t\t\t<div class=\"elementor-widget-container\">\n\t\t\t\t\t\t\t<div class=\"wd-text-block reset-last-child text-left\">\n\t\t\t\n\t\t\t<h5>3.\u2060 \u2060A\u015fama Filtresi: <br>CTO Karbon Blok filtresi<\/h5>\nCTO karbon blok filtre, ters ozmos filtrasyonun ikinci a\u015famas\u0131d\u0131r. Suyun renk, tat ve koku dengesini d\u00fczenler. Kaliteli i\u00e7me suyunda bulunmamas\u0131 gereken klor ve di\u011fer kimyasal maddeleri ar\u0131tarak membran filtreyi korur ve ters ozmos i\u015fleminin kusursuz olarak ger\u00e7ekle\u015fmesini sa\u011flar. Kullan\u0131m \u00f6mr\u00fc 6-12 Ayd\u0131r. suyun kullan\u0131m\u0131na g\u00f6re de de\u011fi\u015fiklik g\u00f6sterebilir. 6 ton su kullan\u0131ld\u0131\u011f\u0131nda \u00f6mr\u00fc dolar ve yenisiyle de\u011fi\u015fmesi gerekmektedir.Filtre boyutu 10 inch boyunda olup t\u00fcm housing sistem su ar\u0131tma cihazlar\u0131 ile uyumludur.\nKULLNIM S\u00dcRES\u0130:6-12 AY\n\t\t\t\t\t<\/div>\n\t\t\t\t\t\t<\/div>\n\t\t\t\t<\/div>\n\t\t\t\t<\/div>\n\t\t<div class=\"elementor-element elementor-element-dde7f5f e-con-full e-flex e-con e-child\" data-id=\"dde7f5f\" data-element_type=\"container\" data-e-type=\"container\">\n\t\t\t\t<div class=\"elementor-element elementor-element-c347b81 elementor-widget elementor-widget-wd_text_block\" data-id=\"c347b81\" data-element_type=\"widget\" data-e-type=\"widget\" data-widget_type=\"wd_text_block.default\">\n\t\t\t\t<div class=\"elementor-widget-container\">\n\t\t\t\t\t\t\t<div class=\"wd-text-block reset-last-child text-left\">\n\t\t\t\n\t\t\t<h5>4.\u2060 \u2060A\u015fama Filtresi: <br>Ters Ozmos Membran Filtresi<\/h5>\nMembran filtre, ters ozmos filtrasyonunun d\u00f6rd\u00fcnc\u00fc ve en \u00f6nemli a\u015famas\u0131d\u0131r. Membran filtre, ters ozmos i\u015flemini ger\u00e7ekle\u015ftirerek suyun yar\u0131 ge\u00e7irgen zar olan membran dan y\u00fcksek bas\u0131n\u00e7 yard\u0131m\u0131 ile ge\u00e7irilerek suyun nano tortu, partik\u00fcl,a\u011f\u0131r metal, kimyasal, vir\u00fcs, bakteri, mikro organizma ve kire\u00e7 gibi maddelerden ar\u0131t\u0131lmas\u0131n\u0131 sa\u011flar. \u0130deal nitelikte i\u00e7me suyu \u00fcretir. Kullan\u0131m \u00f6mr\u00fc 1-4 Y\u0131ld\u0131r. suyun kullan\u0131m\u0131na g\u00f6re de de\u011fi\u015fiklik g\u00f6sterebilir. 15 ton su kullan\u0131ld\u0131\u011f\u0131nda \u00f6mr\u00fc dolar ve yenisiyle de\u011fi\u015fmesi gerekmektedir. Filtre boyutu 1812 boyunda olup t\u00fcm housing sistem su ar\u0131tma cihazlar\u0131 ile uyumludur.\nKULLANIM S\u00dcRES\u0130:2-3 YIL\n\t\t\t\t\t<\/div>\n\t\t\t\t\t\t<\/div>\n\t\t\t\t<\/div>\n\t\t\t\t<\/div>\n\t\t\t\t\t<\/div>\n\t\t\t\t<\/div>\n\t\t\t\t<\/div>\n\t\t","protected":false},"excerpt":{"rendered":"<ul>\n<li>Sediment 5 Mikron<\/li>\n<li>GAC Karbon<\/li>\n<li>CTO Karbon<\/li>\n<li>Post Karbon<\/li>\n<\/ul>\n","protected":false},"featured_media":28038,"comment_status":"open","ping_status":"closed","template":"","meta":[],"product_brand":[110],"product_cat":[27],"product_tag":[107],"class_list":{"0":"post-28037","1":"product","2":"type-product","3":"status-publish","4":"has-post-thumbnail","6":"product_brand-rio-water","7":"product_cat-inline-filtreler","8":"product_tag-4-asamali-filtre-seti","10":"first","11":"instock","12":"shipping-taxable","13":"purchasable","14":"product-type-simple"},"_links":{"self":[{"href":"https:\/\/riowater.com.tr\/index.php\/wp-json\/wp\/v2\/product\/28037","targetHints":{"allow":["GET"]}}],"collection":[{"href":"https:\/\/riowater.com.tr\/index.php\/wp-json\/wp\/v2\/product"}],"about":[{"href":"https:\/\/riowater.com.tr\/index.php\/wp-json\/wp\/v2\/types\/product"}],"replies":[{"embeddable":true,"href":"https:\/\/riowater.com.tr\/index.php\/wp-json\/wp\/v2\/comments?post=28037"}],"version-history":[{"count":7,"href":"https:\/\/riowater.com.tr\/index.php\/wp-json\/wp\/v2\/product\/28037\/revisions"}],"predecessor-version":[{"id":28045,"href":"https:\/\/riowater.com.tr\/index.php\/wp-json\/wp\/v2\/product\/28037\/revisions\/28045"}],"wp:featuredmedia":[{"embeddable":true,"href":"https:\/\/riowater.com.tr\/index.php\/wp-json\/wp\/v2\/media\/28038"}],"wp:attachment":[{"href":"https:\/\/riowater.com.tr\/index.php\/wp-json\/wp\/v2\/media?parent=28037"}],"wp:term":[{"taxonomy":"product_brand","embeddable":true,"href":"https:\/\/riowater.com.tr\/index.php\/wp-json\/wp\/v2\/product_brand?post=28037"},{"taxonomy":"product_cat","embeddable":true,"href":"https:\/\/riowater.com.tr\/index.php\/wp-json\/wp\/v2\/product_cat?post=28037"},{"taxonomy":"product_tag","embeddable":true,"href":"https:\/\/riowater.com.tr\/index.php\/wp-json\/wp\/v2\/product_tag?post=28037"}],"curies":[{"name":"wp","href":"https:\/\/api.w.org\/{rel}","templated":true}]}}